{"id":7562,"date":"2023-03-27T08:55:14","date_gmt":"2023-03-27T14:55:14","guid":{"rendered":"https:\/\/dlbluz.com\/?post_type=product&#038;p=7562"},"modified":"2023-07-05T12:16:36","modified_gmt":"2023-07-05T18:16:36","slug":"creator-iii-bltswi3vcdntcw","status":"publish","type":"product","link":"https:\/\/dlbluz.com\/en\/product\/creator-iii-bltswi3vcdntcw\/","title":{"rendered":"Creator III BLTSWI3VCDNTCW"},"content":{"rendered":"<p><a href=\"https:\/\/dlbluz.com\/wp-content\/uploads\/2023\/03\/z.jpg\"><img fetchpriority=\"high\" decoding=\"async\" class=\"alignnone size-medium wp-image-7563\" src=\"https:\/\/dlbluz.com\/wp-content\/uploads\/2023\/03\/z-390x360.jpg\" alt=\"\" width=\"390\" height=\"360\" \/><\/a><\/p>","protected":false},"excerpt":{"rendered":"<ul>\n<li>Apagador Inal\u00e1mbrico, Accesorio para CREATOR III, 3 Botones, Conexi\u00f3n RF433, Bater\u00eda Incluida.<\/li>\n<li>Con los apagadores inteligentes CREATOR puedes controlar toda la iluminaci\u00f3n de tus espacios desde un mismo lugar y automatizado. Sustituye tus apagadores tradicionales, con\u00e9ctalos al Wi-Fi de tu casa, oficina o negocio y utiliza la misma instalaci\u00f3n el\u00e9ctrica con la que cuentas hoy en d\u00eda para realizar una instalaci\u00f3n r\u00e1pida y sencilla.<\/li>\n<li>Conexi\u00f3n mediante radiofrecuencia RF433.<\/li>\n<li>Sincronizaci\u00f3n compatible solo con modelos CREATOR III, requerido para su funcionamiento.<\/li>\n<\/ul>","protected":false},"featured_media":7563,"comment_status":"open","ping_status":"closed","template":"","meta":[],"product_cat":[92,140],"product_tag":[],"class_list":{"0":"post-7562","1":"product","2":"type-product","3":"status-publish","4":"has-post-thumbnail","6":"product_cat-control-y-automatizacion","7":"product_cat-technolite","10":"instock","11":"shipping-taxable","12":"purchasable","13":"product-type-simple"},"_links":{"self":[{"href":"https:\/\/dlbluz.com\/en\/wp-json\/wp\/v2\/product\/7562","targetHints":{"allow":["GET"]}}],"collection":[{"href":"https:\/\/dlbluz.com\/en\/wp-json\/wp\/v2\/product"}],"about":[{"href":"https:\/\/dlbluz.com\/en\/wp-json\/wp\/v2\/types\/product"}],"replies":[{"embeddable":true,"href":"https:\/\/dlbluz.com\/en\/wp-json\/wp\/v2\/comments?post=7562"}],"version-history":[{"count":0,"href":"https:\/\/dlbluz.com\/en\/wp-json\/wp\/v2\/product\/7562\/revisions"}],"wp:featuredmedia":[{"embeddable":true,"href":"https:\/\/dlbluz.com\/en\/wp-json\/wp\/v2\/media\/7563"}],"wp:attachment":[{"href":"https:\/\/dlbluz.com\/en\/wp-json\/wp\/v2\/media?parent=7562"}],"wp:term":[{"taxonomy":"product_cat","embeddable":true,"href":"https:\/\/dlbluz.com\/en\/wp-json\/wp\/v2\/product_cat?post=7562"},{"taxonomy":"product_tag","embeddable":true,"href":"https:\/\/dlbluz.com\/en\/wp-json\/wp\/v2\/product_tag?post=7562"}],"curies":[{"name":"wp","href":"https:\/\/api.w.org\/{rel}","templated":true}]}}