{"id":7553,"date":"2023-03-26T22:45:32","date_gmt":"2023-03-27T04:45:32","guid":{"rendered":"https:\/\/dlbluz.com\/?post_type=product&#038;p=7553"},"modified":"2023-07-05T12:14:24","modified_gmt":"2023-07-05T18:14:24","slug":"creator-iv","status":"publish","type":"product","link":"https:\/\/dlbluz.com\/en\/product\/creator-iv\/","title":{"rendered":"CREATOR IV"},"content":{"rendered":"<p><a href=\"https:\/\/dlbluz.com\/wp-content\/uploads\/2023\/03\/20220328_EWZWZZYQZS.jpg\"><img decoding=\"async\" class=\"alignnone size-full wp-image-7554\" src=\"https:\/\/dlbluz.com\/wp-content\/uploads\/2023\/03\/20220328_EWZWZZYQZS.jpg\" alt=\"\" width=\"131\" height=\"131\" \/><\/a><\/p>","protected":false},"excerpt":{"rendered":"<h3 class=\"block_ctrl\">TDSWI1MVNTCW CREATOR IV<\/h3>\n<p class=\"block_ctrl\">Creator IV &#8211; Interruptor sencillo para empotrar de 3 puntos con atenuador. Uso interior t\u00e1ctil. Apagado\/ Encendido mediante bot\u00f3n o aplicaci\u00f3n m\u00f3vil. Capacidad hasta 200W. 100V-240V. Acab. Cristal \/ negro<\/p>","protected":false},"featured_media":7554,"comment_status":"open","ping_status":"closed","template":"","meta":[],"product_cat":[92,140],"product_tag":[],"class_list":{"0":"post-7553","1":"product","2":"type-product","3":"status-publish","4":"has-post-thumbnail","6":"product_cat-control-y-automatizacion","7":"product_cat-technolite","10":"instock","11":"shipping-taxable","12":"purchasable","13":"product-type-simple"},"_links":{"self":[{"href":"https:\/\/dlbluz.com\/en\/wp-json\/wp\/v2\/product\/7553","targetHints":{"allow":["GET"]}}],"collection":[{"href":"https:\/\/dlbluz.com\/en\/wp-json\/wp\/v2\/product"}],"about":[{"href":"https:\/\/dlbluz.com\/en\/wp-json\/wp\/v2\/types\/product"}],"replies":[{"embeddable":true,"href":"https:\/\/dlbluz.com\/en\/wp-json\/wp\/v2\/comments?post=7553"}],"version-history":[{"count":0,"href":"https:\/\/dlbluz.com\/en\/wp-json\/wp\/v2\/product\/7553\/revisions"}],"wp:featuredmedia":[{"embeddable":true,"href":"https:\/\/dlbluz.com\/en\/wp-json\/wp\/v2\/media\/7554"}],"wp:attachment":[{"href":"https:\/\/dlbluz.com\/en\/wp-json\/wp\/v2\/media?parent=7553"}],"wp:term":[{"taxonomy":"product_cat","embeddable":true,"href":"https:\/\/dlbluz.com\/en\/wp-json\/wp\/v2\/product_cat?post=7553"},{"taxonomy":"product_tag","embeddable":true,"href":"https:\/\/dlbluz.com\/en\/wp-json\/wp\/v2\/product_tag?post=7553"}],"curies":[{"name":"wp","href":"https:\/\/api.w.org\/{rel}","templated":true}]}}